{"id":22,"date":"2016-02-12T08:11:05","date_gmt":"2016-02-12T08:11:05","guid":{"rendered":"http:\/\/demos.famethemes.com\/onepress\/?page_id=22"},"modified":"2025-04-09T17:20:35","modified_gmt":"2025-04-09T15:20:35","slug":"nasza-wizja","status":"publish","type":"page","link":"https:\/\/apetilki.pl\/pl_pl\/nasza-wizja\/","title":{"rendered":"Nasza misja i wizja"},"content":{"rendered":"\n<div style=\"height:79px\" aria-hidden=\"true\" class=\"wp-block-spacer\"><\/div>\n\n\n\n<h2 class=\"wp-block-heading has-text-align-center has-black-color has-text-color has-link-color wp-elements-95eafede595568593577bbb70f5a2997\">Nasza wizja<\/h2>\n\n\n\n<p class=\"has-black-color has-text-color has-link-color wp-elements-b3dd1a7a5174464a701b5aa201245b9a\">Eurobrand #1 dostawca s\u0142odyczy w Polsce.<\/p>\n\n\n\n<div style=\"height:76px\" aria-hidden=\"true\" class=\"wp-block-spacer\"><\/div>\n\n\n\n<h2 class=\"wp-block-heading has-text-align-center has-black-color has-text-color has-link-color wp-elements-e1e5c8559b633b0f3ea8721e2315a41d\">Nasza misja<\/h2>\n\n\n\n<p class=\"has-black-color has-text-color has-link-color wp-elements-5beb98bf5d131ddf52c01509e4cd7e88\">Nasz\u0105 misj\u0105 jest dostarczanie najwy\u017cszej jako\u015bci s\u0142odyczy, kt\u00f3re \u0142\u0105cz\u0105 tradycj\u0119 z nowoczesno\u015bci\u0105. Tworzymy produkty, kt\u00f3re wywo\u0142uj\u0105 u\u015bmiech &#8211; zar\u00f3wno u dzieci, jak i doros\u0142ych dbaj\u0105c przy tym o smak, bezpiecze\u0144stwo i dost\u0119pno\u015b\u0107 dla ka\u017cdego. Wszystko to tworzymy z trosk\u0105 o ka\u017cdy szczeg\u00f3\u0142 \u2013 od doboru sk\u0142adnik\u00f3w, przez proces produkcji, a\u017c po dostarczenie gotowego produktu na p\u00f3\u0142ki sklepowe.<\/p>\n\n\n\n<p><\/p>\n","protected":false},"excerpt":{"rendered":"<p>Nasz\u0105 misj\u0105 jest dostarczanie najwy\u017cszej jako\u015bci s\u0142odyczy, kt\u00f3re \u0142\u0105cz\u0105 tradycj\u0119 z nowoczesno\u015bci\u0105. Tworzymy produkty, kt\u00f3re wywo\u0142uj\u0105 u\u015bmiech &#8211; zar\u00f3wno u dzieci, jak i doros\u0142ych dbaj\u0105c przy tym o smak, bezpiecze\u0144stwo i dost\u0119pno\u015b\u0107 dla ka\u017cdego. <\/p>\n","protected":false},"author":2,"featured_media":1813,"parent":0,"menu_order":0,"comment_status":"closed","ping_status":"closed","template":"","meta":{"footnotes":""},"class_list":["post-22","page","type-page","status-publish","has-post-thumbnail","hentry"],"yoast_head":"<!-- This site is optimized with the Yoast SEO plugin v27.5 - https:\/\/yoast.com\/product\/yoast-seo-wordpress\/ -->\n<title>Nasza misja i wizja - Apetilki<\/title>\n<meta name=\"robots\" content=\"index, follow, max-snippet:-1, max-image-preview:large, max-video-preview:-1\" \/>\n<link rel=\"canonical\" href=\"https:\/\/apetilki.pl\/pl_pl\/nasza-wizja\/\" \/>\n<meta property=\"og:locale\" content=\"pl_PL\" \/>\n<meta property=\"og:type\" content=\"article\" \/>\n<meta property=\"og:title\" content=\"Nasza misja i wizja - Apetilki\" \/>\n<meta property=\"og:description\" content=\"Nasz\u0105 misj\u0105 jest dostarczanie najwy\u017cszej jako\u015bci s\u0142odyczy, kt\u00f3re \u0142\u0105cz\u0105 tradycj\u0119 z nowoczesno\u015bci\u0105. Tworzymy produkty, kt\u00f3re wywo\u0142uj\u0105 u\u015bmiech - zar\u00f3wno u dzieci, jak i doros\u0142ych dbaj\u0105c przy tym o smak, bezpiecze\u0144stwo i dost\u0119pno\u015b\u0107 dla ka\u017cdego.\" \/>\n<meta property=\"og:url\" content=\"https:\/\/apetilki.pl\/pl_pl\/nasza-wizja\/\" \/>\n<meta property=\"og:site_name\" content=\"Apetilki\" \/>\n<meta property=\"article:publisher\" content=\"https:\/\/www.facebook.com\/Apetilki\" \/>\n<meta property=\"article:modified_time\" content=\"2025-04-09T15:20:35+00:00\" \/>\n<meta property=\"og:image\" content=\"https:\/\/apetilki.pl\/wp-content\/uploads\/2025\/03\/zespol.jpg\" \/>\n\t<meta property=\"og:image:width\" content=\"1280\" \/>\n\t<meta property=\"og:image:height\" content=\"807\" \/>\n\t<meta property=\"og:image:type\" content=\"image\/jpeg\" \/>\n<meta name=\"twitter:card\" content=\"summary_large_image\" \/>\n<script type=\"application\/ld+json\" class=\"yoast-schema-graph\">{\"@context\":\"https:\\\/\\\/schema.org\",\"@graph\":[{\"@type\":\"WebPage\",\"@id\":\"https:\\\/\\\/apetilki.pl\\\/pl_pl\\\/nasza-wizja\\\/\",\"url\":\"https:\\\/\\\/apetilki.pl\\\/pl_pl\\\/nasza-wizja\\\/\",\"name\":\"Nasza misja i wizja - Apetilki\",\"isPartOf\":{\"@id\":\"https:\\\/\\\/apetilki.pl\\\/en\\\/#website\"},\"primaryImageOfPage\":{\"@id\":\"https:\\\/\\\/apetilki.pl\\\/pl_pl\\\/nasza-wizja\\\/#primaryimage\"},\"image\":{\"@id\":\"https:\\\/\\\/apetilki.pl\\\/pl_pl\\\/nasza-wizja\\\/#primaryimage\"},\"thumbnailUrl\":\"https:\\\/\\\/apetilki.pl\\\/wp-content\\\/uploads\\\/2025\\\/03\\\/zespol.jpg\",\"datePublished\":\"2016-02-12T08:11:05+00:00\",\"dateModified\":\"2025-04-09T15:20:35+00:00\",\"breadcrumb\":{\"@id\":\"https:\\\/\\\/apetilki.pl\\\/pl_pl\\\/nasza-wizja\\\/#breadcrumb\"},\"inLanguage\":\"pl-PL\",\"potentialAction\":[{\"@type\":\"ReadAction\",\"target\":[\"https:\\\/\\\/apetilki.pl\\\/pl_pl\\\/nasza-wizja\\\/\"]}]},{\"@type\":\"ImageObject\",\"inLanguage\":\"pl-PL\",\"@id\":\"https:\\\/\\\/apetilki.pl\\\/pl_pl\\\/nasza-wizja\\\/#primaryimage\",\"url\":\"https:\\\/\\\/apetilki.pl\\\/wp-content\\\/uploads\\\/2025\\\/03\\\/zespol.jpg\",\"contentUrl\":\"https:\\\/\\\/apetilki.pl\\\/wp-content\\\/uploads\\\/2025\\\/03\\\/zespol.jpg\",\"width\":1280,\"height\":807},{\"@type\":\"BreadcrumbList\",\"@id\":\"https:\\\/\\\/apetilki.pl\\\/pl_pl\\\/nasza-wizja\\\/#breadcrumb\",\"itemListElement\":[{\"@type\":\"ListItem\",\"position\":1,\"name\":\"Strona g\u0142\u00f3wna\",\"item\":\"https:\\\/\\\/apetilki.pl\\\/en\\\/\"},{\"@type\":\"ListItem\",\"position\":2,\"name\":\"Nasza misja i wizja\"}]},{\"@type\":\"WebSite\",\"@id\":\"https:\\\/\\\/apetilki.pl\\\/en\\\/#website\",\"url\":\"https:\\\/\\\/apetilki.pl\\\/en\\\/\",\"name\":\"Apetilki\",\"description\":\"Nasz\u0105 misj\u0105 jest dostarczanie najwy\u017cszej jako\u015bci s\u0142odyczy, kt\u00f3re \u0142\u0105cz\u0105 tradycj\u0119 z nowoczesno\u015bci\u0105. Tworzymy produkty, kt\u00f3re wywo\u0142uj\u0105 u\u015bmiech \u2013 zar\u00f3wno u dzieci, jak i doros\u0142ych dbaj\u0105c przy tym o smak, bezpiecze\u0144stwo i dost\u0119pno\u015b\u0107 dla ka\u017cdego.\",\"publisher\":{\"@id\":\"https:\\\/\\\/apetilki.pl\\\/en\\\/#organization\"},\"alternateName\":\"Apetilki\",\"potentialAction\":[{\"@type\":\"SearchAction\",\"target\":{\"@type\":\"EntryPoint\",\"urlTemplate\":\"https:\\\/\\\/apetilki.pl\\\/en\\\/?s={search_term_string}\"},\"query-input\":{\"@type\":\"PropertyValueSpecification\",\"valueRequired\":true,\"valueName\":\"search_term_string\"}}],\"inLanguage\":\"pl-PL\"},{\"@type\":\"Organization\",\"@id\":\"https:\\\/\\\/apetilki.pl\\\/en\\\/#organization\",\"name\":\"Apetilki\",\"alternateName\":\"Eurobrand\",\"url\":\"https:\\\/\\\/apetilki.pl\\\/en\\\/\",\"logo\":{\"@type\":\"ImageObject\",\"inLanguage\":\"pl-PL\",\"@id\":\"https:\\\/\\\/apetilki.pl\\\/en\\\/#\\\/schema\\\/logo\\\/image\\\/\",\"url\":\"https:\\\/\\\/apetilki.pl\\\/wp-content\\\/uploads\\\/2025\\\/03\\\/apetillki-logo-poprawione.jpg\",\"contentUrl\":\"https:\\\/\\\/apetilki.pl\\\/wp-content\\\/uploads\\\/2025\\\/03\\\/apetillki-logo-poprawione.jpg\",\"width\":500,\"height\":500,\"caption\":\"Apetilki\"},\"image\":{\"@id\":\"https:\\\/\\\/apetilki.pl\\\/en\\\/#\\\/schema\\\/logo\\\/image\\\/\"},\"sameAs\":[\"https:\\\/\\\/www.facebook.com\\\/Apetilki\",\"https:\\\/\\\/www.instagram.com\\\/Apetilki\",\"https:\\\/\\\/pl.linkedin.com\\\/company\\\/apetilki?trk=public_profile_experience-item_profile-section-card_subtitle-click\"]}]}<\/script>\n<!-- \/ Yoast SEO plugin. -->","yoast_head_json":{"title":"Nasza misja i wizja - Apetilki","robots":{"index":"index","follow":"follow","max-snippet":"max-snippet:-1","max-image-preview":"max-image-preview:large","max-video-preview":"max-video-preview:-1"},"canonical":"https:\/\/apetilki.pl\/pl_pl\/nasza-wizja\/","og_locale":"pl_PL","og_type":"article","og_title":"Nasza misja i wizja - Apetilki","og_description":"Nasz\u0105 misj\u0105 jest dostarczanie najwy\u017cszej jako\u015bci s\u0142odyczy, kt\u00f3re \u0142\u0105cz\u0105 tradycj\u0119 z nowoczesno\u015bci\u0105. Tworzymy produkty, kt\u00f3re wywo\u0142uj\u0105 u\u015bmiech - zar\u00f3wno u dzieci, jak i doros\u0142ych dbaj\u0105c przy tym o smak, bezpiecze\u0144stwo i dost\u0119pno\u015b\u0107 dla ka\u017cdego.","og_url":"https:\/\/apetilki.pl\/pl_pl\/nasza-wizja\/","og_site_name":"Apetilki","article_publisher":"https:\/\/www.facebook.com\/Apetilki","article_modified_time":"2025-04-09T15:20:35+00:00","og_image":[{"width":1280,"height":807,"url":"https:\/\/apetilki.pl\/wp-content\/uploads\/2025\/03\/zespol.jpg","type":"image\/jpeg"}],"twitter_card":"summary_large_image","schema":{"@context":"https:\/\/schema.org","@graph":[{"@type":"WebPage","@id":"https:\/\/apetilki.pl\/pl_pl\/nasza-wizja\/","url":"https:\/\/apetilki.pl\/pl_pl\/nasza-wizja\/","name":"Nasza misja i wizja - Apetilki","isPartOf":{"@id":"https:\/\/apetilki.pl\/en\/#website"},"primaryImageOfPage":{"@id":"https:\/\/apetilki.pl\/pl_pl\/nasza-wizja\/#primaryimage"},"image":{"@id":"https:\/\/apetilki.pl\/pl_pl\/nasza-wizja\/#primaryimage"},"thumbnailUrl":"https:\/\/apetilki.pl\/wp-content\/uploads\/2025\/03\/zespol.jpg","datePublished":"2016-02-12T08:11:05+00:00","dateModified":"2025-04-09T15:20:35+00:00","breadcrumb":{"@id":"https:\/\/apetilki.pl\/pl_pl\/nasza-wizja\/#breadcrumb"},"inLanguage":"pl-PL","potentialAction":[{"@type":"ReadAction","target":["https:\/\/apetilki.pl\/pl_pl\/nasza-wizja\/"]}]},{"@type":"ImageObject","inLanguage":"pl-PL","@id":"https:\/\/apetilki.pl\/pl_pl\/nasza-wizja\/#primaryimage","url":"https:\/\/apetilki.pl\/wp-content\/uploads\/2025\/03\/zespol.jpg","contentUrl":"https:\/\/apetilki.pl\/wp-content\/uploads\/2025\/03\/zespol.jpg","width":1280,"height":807},{"@type":"BreadcrumbList","@id":"https:\/\/apetilki.pl\/pl_pl\/nasza-wizja\/#breadcrumb","itemListElement":[{"@type":"ListItem","position":1,"name":"Strona g\u0142\u00f3wna","item":"https:\/\/apetilki.pl\/en\/"},{"@type":"ListItem","position":2,"name":"Nasza misja i wizja"}]},{"@type":"WebSite","@id":"https:\/\/apetilki.pl\/en\/#website","url":"https:\/\/apetilki.pl\/en\/","name":"Apetilki","description":"Nasz\u0105 misj\u0105 jest dostarczanie najwy\u017cszej jako\u015bci s\u0142odyczy, kt\u00f3re \u0142\u0105cz\u0105 tradycj\u0119 z nowoczesno\u015bci\u0105. Tworzymy produkty, kt\u00f3re wywo\u0142uj\u0105 u\u015bmiech \u2013 zar\u00f3wno u dzieci, jak i doros\u0142ych dbaj\u0105c przy tym o smak, bezpiecze\u0144stwo i dost\u0119pno\u015b\u0107 dla ka\u017cdego.","publisher":{"@id":"https:\/\/apetilki.pl\/en\/#organization"},"alternateName":"Apetilki","potentialAction":[{"@type":"SearchAction","target":{"@type":"EntryPoint","urlTemplate":"https:\/\/apetilki.pl\/en\/?s={search_term_string}"},"query-input":{"@type":"PropertyValueSpecification","valueRequired":true,"valueName":"search_term_string"}}],"inLanguage":"pl-PL"},{"@type":"Organization","@id":"https:\/\/apetilki.pl\/en\/#organization","name":"Apetilki","alternateName":"Eurobrand","url":"https:\/\/apetilki.pl\/en\/","logo":{"@type":"ImageObject","inLanguage":"pl-PL","@id":"https:\/\/apetilki.pl\/en\/#\/schema\/logo\/image\/","url":"https:\/\/apetilki.pl\/wp-content\/uploads\/2025\/03\/apetillki-logo-poprawione.jpg","contentUrl":"https:\/\/apetilki.pl\/wp-content\/uploads\/2025\/03\/apetillki-logo-poprawione.jpg","width":500,"height":500,"caption":"Apetilki"},"image":{"@id":"https:\/\/apetilki.pl\/en\/#\/schema\/logo\/image\/"},"sameAs":["https:\/\/www.facebook.com\/Apetilki","https:\/\/www.instagram.com\/Apetilki","https:\/\/pl.linkedin.com\/company\/apetilki?trk=public_profile_experience-item_profile-section-card_subtitle-click"]}]}},"_links":{"self":[{"href":"https:\/\/apetilki.pl\/pl_pl\/wp-json\/wp\/v2\/pages\/22","targetHints":{"allow":["GET"]}}],"collection":[{"href":"https:\/\/apetilki.pl\/pl_pl\/wp-json\/wp\/v2\/pages"}],"about":[{"href":"https:\/\/apetilki.pl\/pl_pl\/wp-json\/wp\/v2\/types\/page"}],"author":[{"embeddable":true,"href":"https:\/\/apetilki.pl\/pl_pl\/wp-json\/wp\/v2\/users\/2"}],"replies":[{"embeddable":true,"href":"https:\/\/apetilki.pl\/pl_pl\/wp-json\/wp\/v2\/comments?post=22"}],"version-history":[{"count":8,"href":"https:\/\/apetilki.pl\/pl_pl\/wp-json\/wp\/v2\/pages\/22\/revisions"}],"predecessor-version":[{"id":2131,"href":"https:\/\/apetilki.pl\/pl_pl\/wp-json\/wp\/v2\/pages\/22\/revisions\/2131"}],"wp:featuredmedia":[{"embeddable":true,"href":"https:\/\/apetilki.pl\/pl_pl\/wp-json\/wp\/v2\/media\/1813"}],"wp:attachment":[{"href":"https:\/\/apetilki.pl\/pl_pl\/wp-json\/wp\/v2\/media?parent=22"}],"curies":[{"name":"wp","href":"https:\/\/api.w.org\/{rel}","templated":true}]}}