{"id":1714,"date":"2025-03-25T21:50:36","date_gmt":"2025-03-25T20:50:36","guid":{"rendered":"https:\/\/apetilki.pl\/?page_id=1714"},"modified":"2025-03-29T22:30:03","modified_gmt":"2025-03-29T21:30:03","slug":"apetilki-en","status":"publish","type":"page","link":"https:\/\/apetilki.pl\/pl_pl\/apetilki-en\/","title":{"rendered":"Apetilki en"},"content":{"rendered":"\n<figure class=\"wp-block-image size-full is-resized\"><img fetchpriority=\"high\" decoding=\"async\" width=\"500\" height=\"500\" src=\"https:\/\/apetilki.pl\/wp-content\/uploads\/2025\/03\/apetillki-logo-poprawione.jpg\" alt=\"\" class=\"wp-image-1655\" style=\"width:505px;height:auto\" srcset=\"https:\/\/apetilki.pl\/wp-content\/uploads\/2025\/03\/apetillki-logo-poprawione.jpg 500w, https:\/\/apetilki.pl\/wp-content\/uploads\/2025\/03\/apetillki-logo-poprawione-300x300.jpg 300w, https:\/\/apetilki.pl\/wp-content\/uploads\/2025\/03\/apetillki-logo-poprawione-150x150.jpg 150w\" sizes=\"(max-width: 500px) 100vw, 500px\" \/><\/figure>\n\n\n\n<p class=\"has-black-color has-text-color has-link-color wp-elements-a6f4487e679f81ea20875f21d7d2df89\"><strong>The brand of iconic Petit Beurre biscuits also offers meringues in various flavors, s\u0119kacz, sponge cakes and layered wafers. APETILKI products are reminiscent of home-made flavors, and are also in convenient packaging, ideal for coffee, tea or as a snack during the day.<\/strong><\/p>\n","protected":false},"excerpt":{"rendered":"<p>The brand of iconic Petit Beurre biscuits also offers meringues in various flavors, s\u0119kacz, sponge cakes and layered wafers.<\/p>\n","protected":false},"author":1,"featured_media":0,"parent":0,"menu_order":0,"comment_status":"closed","ping_status":"closed","template":"","meta":{"footnotes":""},"class_list":["post-1714","page","type-page","status-publish","hentry"],"yoast_head":"<!-- This site is optimized with the Yoast SEO plugin v27.5 - https:\/\/yoast.com\/product\/yoast-seo-wordpress\/ -->\n<title>Apetilki en - Apetilki<\/title>\n<meta name=\"robots\" content=\"index, follow, max-snippet:-1, max-image-preview:large, max-video-preview:-1\" \/>\n<link rel=\"canonical\" href=\"https:\/\/apetilki.pl\/pl_pl\/apetilki-en\/\" \/>\n<meta property=\"og:locale\" content=\"pl_PL\" \/>\n<meta property=\"og:type\" content=\"article\" \/>\n<meta property=\"og:title\" content=\"Apetilki en - Apetilki\" \/>\n<meta property=\"og:description\" content=\"The brand of iconic Petit Beurre biscuits also offers meringues in various flavors, s\u0119kacz, sponge cakes and layered wafers.\" \/>\n<meta property=\"og:url\" content=\"https:\/\/apetilki.pl\/pl_pl\/apetilki-en\/\" \/>\n<meta property=\"og:site_name\" content=\"Apetilki\" \/>\n<meta property=\"article:publisher\" content=\"https:\/\/www.facebook.com\/Apetilki\" \/>\n<meta property=\"article:modified_time\" content=\"2025-03-29T21:30:03+00:00\" \/>\n<meta property=\"og:image\" content=\"https:\/\/apetilki.pl\/wp-content\/uploads\/2025\/03\/apetillki-logo-poprawione.jpg\" \/>\n<meta name=\"twitter:card\" content=\"summary_large_image\" \/>\n<script type=\"application\/ld+json\" class=\"yoast-schema-graph\">{\"@context\":\"https:\\\/\\\/schema.org\",\"@graph\":[{\"@type\":\"WebPage\",\"@id\":\"https:\\\/\\\/apetilki.pl\\\/pl_pl\\\/apetilki-en\\\/\",\"url\":\"https:\\\/\\\/apetilki.pl\\\/pl_pl\\\/apetilki-en\\\/\",\"name\":\"Apetilki en - Apetilki\",\"isPartOf\":{\"@id\":\"https:\\\/\\\/apetilki.pl\\\/en\\\/#website\"},\"primaryImageOfPage\":{\"@id\":\"https:\\\/\\\/apetilki.pl\\\/pl_pl\\\/apetilki-en\\\/#primaryimage\"},\"image\":{\"@id\":\"https:\\\/\\\/apetilki.pl\\\/pl_pl\\\/apetilki-en\\\/#primaryimage\"},\"thumbnailUrl\":\"https:\\\/\\\/apetilki.pl\\\/wp-content\\\/uploads\\\/2025\\\/03\\\/apetillki-logo-poprawione.jpg\",\"datePublished\":\"2025-03-25T20:50:36+00:00\",\"dateModified\":\"2025-03-29T21:30:03+00:00\",\"breadcrumb\":{\"@id\":\"https:\\\/\\\/apetilki.pl\\\/pl_pl\\\/apetilki-en\\\/#breadcrumb\"},\"inLanguage\":\"pl-PL\",\"potentialAction\":[{\"@type\":\"ReadAction\",\"target\":[\"https:\\\/\\\/apetilki.pl\\\/pl_pl\\\/apetilki-en\\\/\"]}]},{\"@type\":\"ImageObject\",\"inLanguage\":\"pl-PL\",\"@id\":\"https:\\\/\\\/apetilki.pl\\\/pl_pl\\\/apetilki-en\\\/#primaryimage\",\"url\":\"https:\\\/\\\/apetilki.pl\\\/wp-content\\\/uploads\\\/2025\\\/03\\\/apetillki-logo-poprawione.jpg\",\"contentUrl\":\"https:\\\/\\\/apetilki.pl\\\/wp-content\\\/uploads\\\/2025\\\/03\\\/apetillki-logo-poprawione.jpg\"},{\"@type\":\"BreadcrumbList\",\"@id\":\"https:\\\/\\\/apetilki.pl\\\/pl_pl\\\/apetilki-en\\\/#breadcrumb\",\"itemListElement\":[{\"@type\":\"ListItem\",\"position\":1,\"name\":\"Strona g\u0142\u00f3wna\",\"item\":\"https:\\\/\\\/apetilki.pl\\\/en\\\/\"},{\"@type\":\"ListItem\",\"position\":2,\"name\":\"Apetilki en\"}]},{\"@type\":\"WebSite\",\"@id\":\"https:\\\/\\\/apetilki.pl\\\/en\\\/#website\",\"url\":\"https:\\\/\\\/apetilki.pl\\\/en\\\/\",\"name\":\"Apetilki\",\"description\":\"Nasz\u0105 misj\u0105 jest dostarczanie najwy\u017cszej jako\u015bci s\u0142odyczy, kt\u00f3re \u0142\u0105cz\u0105 tradycj\u0119 z nowoczesno\u015bci\u0105. Tworzymy produkty, kt\u00f3re wywo\u0142uj\u0105 u\u015bmiech \u2013 zar\u00f3wno u dzieci, jak i doros\u0142ych dbaj\u0105c przy tym o smak, bezpiecze\u0144stwo i dost\u0119pno\u015b\u0107 dla ka\u017cdego.\",\"publisher\":{\"@id\":\"https:\\\/\\\/apetilki.pl\\\/en\\\/#organization\"},\"alternateName\":\"Apetilki\",\"potentialAction\":[{\"@type\":\"SearchAction\",\"target\":{\"@type\":\"EntryPoint\",\"urlTemplate\":\"https:\\\/\\\/apetilki.pl\\\/en\\\/?s={search_term_string}\"},\"query-input\":{\"@type\":\"PropertyValueSpecification\",\"valueRequired\":true,\"valueName\":\"search_term_string\"}}],\"inLanguage\":\"pl-PL\"},{\"@type\":\"Organization\",\"@id\":\"https:\\\/\\\/apetilki.pl\\\/en\\\/#organization\",\"name\":\"Apetilki\",\"alternateName\":\"Eurobrand\",\"url\":\"https:\\\/\\\/apetilki.pl\\\/en\\\/\",\"logo\":{\"@type\":\"ImageObject\",\"inLanguage\":\"pl-PL\",\"@id\":\"https:\\\/\\\/apetilki.pl\\\/en\\\/#\\\/schema\\\/logo\\\/image\\\/\",\"url\":\"https:\\\/\\\/apetilki.pl\\\/wp-content\\\/uploads\\\/2025\\\/03\\\/apetillki-logo-poprawione.jpg\",\"contentUrl\":\"https:\\\/\\\/apetilki.pl\\\/wp-content\\\/uploads\\\/2025\\\/03\\\/apetillki-logo-poprawione.jpg\",\"width\":500,\"height\":500,\"caption\":\"Apetilki\"},\"image\":{\"@id\":\"https:\\\/\\\/apetilki.pl\\\/en\\\/#\\\/schema\\\/logo\\\/image\\\/\"},\"sameAs\":[\"https:\\\/\\\/www.facebook.com\\\/Apetilki\",\"https:\\\/\\\/www.instagram.com\\\/Apetilki\",\"https:\\\/\\\/pl.linkedin.com\\\/company\\\/apetilki?trk=public_profile_experience-item_profile-section-card_subtitle-click\"]}]}<\/script>\n<!-- \/ Yoast SEO plugin. -->","yoast_head_json":{"title":"Apetilki en - Apetilki","robots":{"index":"index","follow":"follow","max-snippet":"max-snippet:-1","max-image-preview":"max-image-preview:large","max-video-preview":"max-video-preview:-1"},"canonical":"https:\/\/apetilki.pl\/pl_pl\/apetilki-en\/","og_locale":"pl_PL","og_type":"article","og_title":"Apetilki en - Apetilki","og_description":"The brand of iconic Petit Beurre biscuits also offers meringues in various flavors, s\u0119kacz, sponge cakes and layered wafers.","og_url":"https:\/\/apetilki.pl\/pl_pl\/apetilki-en\/","og_site_name":"Apetilki","article_publisher":"https:\/\/www.facebook.com\/Apetilki","article_modified_time":"2025-03-29T21:30:03+00:00","og_image":[{"url":"https:\/\/apetilki.pl\/wp-content\/uploads\/2025\/03\/apetillki-logo-poprawione.jpg","type":"","width":"","height":""}],"twitter_card":"summary_large_image","schema":{"@context":"https:\/\/schema.org","@graph":[{"@type":"WebPage","@id":"https:\/\/apetilki.pl\/pl_pl\/apetilki-en\/","url":"https:\/\/apetilki.pl\/pl_pl\/apetilki-en\/","name":"Apetilki en - Apetilki","isPartOf":{"@id":"https:\/\/apetilki.pl\/en\/#website"},"primaryImageOfPage":{"@id":"https:\/\/apetilki.pl\/pl_pl\/apetilki-en\/#primaryimage"},"image":{"@id":"https:\/\/apetilki.pl\/pl_pl\/apetilki-en\/#primaryimage"},"thumbnailUrl":"https:\/\/apetilki.pl\/wp-content\/uploads\/2025\/03\/apetillki-logo-poprawione.jpg","datePublished":"2025-03-25T20:50:36+00:00","dateModified":"2025-03-29T21:30:03+00:00","breadcrumb":{"@id":"https:\/\/apetilki.pl\/pl_pl\/apetilki-en\/#breadcrumb"},"inLanguage":"pl-PL","potentialAction":[{"@type":"ReadAction","target":["https:\/\/apetilki.pl\/pl_pl\/apetilki-en\/"]}]},{"@type":"ImageObject","inLanguage":"pl-PL","@id":"https:\/\/apetilki.pl\/pl_pl\/apetilki-en\/#primaryimage","url":"https:\/\/apetilki.pl\/wp-content\/uploads\/2025\/03\/apetillki-logo-poprawione.jpg","contentUrl":"https:\/\/apetilki.pl\/wp-content\/uploads\/2025\/03\/apetillki-logo-poprawione.jpg"},{"@type":"BreadcrumbList","@id":"https:\/\/apetilki.pl\/pl_pl\/apetilki-en\/#breadcrumb","itemListElement":[{"@type":"ListItem","position":1,"name":"Strona g\u0142\u00f3wna","item":"https:\/\/apetilki.pl\/en\/"},{"@type":"ListItem","position":2,"name":"Apetilki en"}]},{"@type":"WebSite","@id":"https:\/\/apetilki.pl\/en\/#website","url":"https:\/\/apetilki.pl\/en\/","name":"Apetilki","description":"Nasz\u0105 misj\u0105 jest dostarczanie najwy\u017cszej jako\u015bci s\u0142odyczy, kt\u00f3re \u0142\u0105cz\u0105 tradycj\u0119 z nowoczesno\u015bci\u0105. Tworzymy produkty, kt\u00f3re wywo\u0142uj\u0105 u\u015bmiech \u2013 zar\u00f3wno u dzieci, jak i doros\u0142ych dbaj\u0105c przy tym o smak, bezpiecze\u0144stwo i dost\u0119pno\u015b\u0107 dla ka\u017cdego.","publisher":{"@id":"https:\/\/apetilki.pl\/en\/#organization"},"alternateName":"Apetilki","potentialAction":[{"@type":"SearchAction","target":{"@type":"EntryPoint","urlTemplate":"https:\/\/apetilki.pl\/en\/?s={search_term_string}"},"query-input":{"@type":"PropertyValueSpecification","valueRequired":true,"valueName":"search_term_string"}}],"inLanguage":"pl-PL"},{"@type":"Organization","@id":"https:\/\/apetilki.pl\/en\/#organization","name":"Apetilki","alternateName":"Eurobrand","url":"https:\/\/apetilki.pl\/en\/","logo":{"@type":"ImageObject","inLanguage":"pl-PL","@id":"https:\/\/apetilki.pl\/en\/#\/schema\/logo\/image\/","url":"https:\/\/apetilki.pl\/wp-content\/uploads\/2025\/03\/apetillki-logo-poprawione.jpg","contentUrl":"https:\/\/apetilki.pl\/wp-content\/uploads\/2025\/03\/apetillki-logo-poprawione.jpg","width":500,"height":500,"caption":"Apetilki"},"image":{"@id":"https:\/\/apetilki.pl\/en\/#\/schema\/logo\/image\/"},"sameAs":["https:\/\/www.facebook.com\/Apetilki","https:\/\/www.instagram.com\/Apetilki","https:\/\/pl.linkedin.com\/company\/apetilki?trk=public_profile_experience-item_profile-section-card_subtitle-click"]}]}},"_links":{"self":[{"href":"https:\/\/apetilki.pl\/pl_pl\/wp-json\/wp\/v2\/pages\/1714","targetHints":{"allow":["GET"]}}],"collection":[{"href":"https:\/\/apetilki.pl\/pl_pl\/wp-json\/wp\/v2\/pages"}],"about":[{"href":"https:\/\/apetilki.pl\/pl_pl\/wp-json\/wp\/v2\/types\/page"}],"author":[{"embeddable":true,"href":"https:\/\/apetilki.pl\/pl_pl\/wp-json\/wp\/v2\/users\/1"}],"replies":[{"embeddable":true,"href":"https:\/\/apetilki.pl\/pl_pl\/wp-json\/wp\/v2\/comments?post=1714"}],"version-history":[{"count":5,"href":"https:\/\/apetilki.pl\/pl_pl\/wp-json\/wp\/v2\/pages\/1714\/revisions"}],"predecessor-version":[{"id":1822,"href":"https:\/\/apetilki.pl\/pl_pl\/wp-json\/wp\/v2\/pages\/1714\/revisions\/1822"}],"wp:attachment":[{"href":"https:\/\/apetilki.pl\/pl_pl\/wp-json\/wp\/v2\/media?parent=1714"}],"curies":[{"name":"wp","href":"https:\/\/api.w.org\/{rel}","templated":true}]}}