{"id":1415,"date":"2016-02-12T07:54:41","date_gmt":"2016-02-12T07:54:41","guid":{"rendered":"http:\/\/demos.famethemes.com\/onepress\/?page_id=4"},"modified":"2025-04-16T20:38:09","modified_gmt":"2025-04-16T18:38:09","slug":"strona-glowna","status":"publish","type":"page","link":"https:\/\/apetilki.pl\/pl_pl\/","title":{"rendered":"Strona g\u0142\u00f3wna"},"content":{"rendered":"","protected":false},"excerpt":{"rendered":"","protected":false},"author":2,"featured_media":0,"parent":0,"menu_order":0,"comment_status":"closed","ping_status":"closed","template":"template-frontpage.php","meta":{"footnotes":""},"class_list":["post-1415","page","type-page","status-publish","hentry"],"yoast_head":"<!-- This site is optimized with the Yoast SEO plugin v27.4 - https:\/\/yoast.com\/product\/yoast-seo-wordpress\/ -->\n<title>Apetilki - Eurobrand - Producent s\u0142odyczy<\/title>\n<meta name=\"description\" content=\"Misj\u0105 Apetilki jest dostarczanie najwy\u017cszej jako\u015bci s\u0142odyczy, kt\u00f3re \u0142\u0105cz\u0105 tradycj\u0119 z nowoczesno\u015bci\u0105. S\u0142odko\u015bci to cz\u0119\u015b\u0107 naszego \u017cycia.\" \/>\n<meta name=\"robots\" content=\"index, follow, max-snippet:-1, max-image-preview:large, max-video-preview:-1\" \/>\n<link rel=\"canonical\" href=\"https:\/\/apetilki.pl\/pl_pl\/\" \/>\n<meta property=\"og:locale\" content=\"pl_PL\" \/>\n<meta property=\"og:type\" content=\"article\" \/>\n<meta property=\"og:title\" content=\"Apetilki - Eurobrand - Producent s\u0142odyczy\" \/>\n<meta property=\"og:description\" content=\"Misj\u0105 Apetilki jest dostarczanie najwy\u017cszej jako\u015bci s\u0142odyczy, kt\u00f3re \u0142\u0105cz\u0105 tradycj\u0119 z nowoczesno\u015bci\u0105. S\u0142odko\u015bci to cz\u0119\u015b\u0107 naszego \u017cycia.\" \/>\n<meta property=\"og:url\" content=\"https:\/\/apetilki.pl\/pl_pl\/\" \/>\n<meta property=\"og:site_name\" content=\"Apetilki\" \/>\n<meta property=\"article:publisher\" content=\"https:\/\/www.facebook.com\/Apetilki\" \/>\n<meta property=\"article:modified_time\" content=\"2025-04-16T18:38:09+00:00\" \/>\n<meta property=\"og:image\" content=\"https:\/\/apetilki.pl\/wp-content\/uploads\/2025\/03\/Apetilki_logo.png\" \/>\n\t<meta property=\"og:image:width\" content=\"1200\" \/>\n\t<meta property=\"og:image:height\" content=\"650\" \/>\n\t<meta property=\"og:image:type\" content=\"image\/png\" \/>\n<meta name=\"twitter:card\" content=\"summary_large_image\" \/>\n<script type=\"application\/ld+json\" class=\"yoast-schema-graph\">{\"@context\":\"https:\\\/\\\/schema.org\",\"@graph\":[{\"@type\":\"WebPage\",\"@id\":\"https:\\\/\\\/apetilki.pl\\\/en\\\/\",\"url\":\"https:\\\/\\\/apetilki.pl\\\/en\\\/\",\"name\":\"Apetilki - Eurobrand - Producent s\u0142odyczy\",\"isPartOf\":{\"@id\":\"https:\\\/\\\/apetilki.pl\\\/en\\\/#website\"},\"datePublished\":\"2016-02-12T07:54:41+00:00\",\"dateModified\":\"2025-04-16T18:38:09+00:00\",\"description\":\"Misj\u0105 Apetilki jest dostarczanie najwy\u017cszej jako\u015bci s\u0142odyczy, kt\u00f3re \u0142\u0105cz\u0105 tradycj\u0119 z nowoczesno\u015bci\u0105. S\u0142odko\u015bci to cz\u0119\u015b\u0107 naszego \u017cycia.\",\"breadcrumb\":{\"@id\":\"https:\\\/\\\/apetilki.pl\\\/en\\\/#breadcrumb\"},\"inLanguage\":\"pl-PL\",\"potentialAction\":[{\"@type\":\"ReadAction\",\"target\":[\"https:\\\/\\\/apetilki.pl\\\/en\\\/\"]}]},{\"@type\":\"BreadcrumbList\",\"@id\":\"https:\\\/\\\/apetilki.pl\\\/en\\\/#breadcrumb\",\"itemListElement\":[{\"@type\":\"ListItem\",\"position\":1,\"name\":\"Strona g\u0142\u00f3wna\",\"item\":\"https:\\\/\\\/apetilki.pl\\\/en\\\/\"},{\"@type\":\"ListItem\",\"position\":2,\"name\":\"Strona g\u0142\u00f3wna\"}]},{\"@type\":\"WebSite\",\"@id\":\"https:\\\/\\\/apetilki.pl\\\/en\\\/#website\",\"url\":\"https:\\\/\\\/apetilki.pl\\\/en\\\/\",\"name\":\"Apetilki\",\"description\":\"Nasz\u0105 misj\u0105 jest dostarczanie najwy\u017cszej jako\u015bci s\u0142odyczy, kt\u00f3re \u0142\u0105cz\u0105 tradycj\u0119 z nowoczesno\u015bci\u0105. Tworzymy produkty, kt\u00f3re wywo\u0142uj\u0105 u\u015bmiech \u2013 zar\u00f3wno u dzieci, jak i doros\u0142ych dbaj\u0105c przy tym o smak, bezpiecze\u0144stwo i dost\u0119pno\u015b\u0107 dla ka\u017cdego.\",\"publisher\":{\"@id\":\"https:\\\/\\\/apetilki.pl\\\/en\\\/#organization\"},\"alternateName\":\"Apetilki\",\"potentialAction\":[{\"@type\":\"SearchAction\",\"target\":{\"@type\":\"EntryPoint\",\"urlTemplate\":\"https:\\\/\\\/apetilki.pl\\\/en\\\/?s={search_term_string}\"},\"query-input\":{\"@type\":\"PropertyValueSpecification\",\"valueRequired\":true,\"valueName\":\"search_term_string\"}}],\"inLanguage\":\"pl-PL\"},{\"@type\":\"Organization\",\"@id\":\"https:\\\/\\\/apetilki.pl\\\/en\\\/#organization\",\"name\":\"Apetilki\",\"alternateName\":\"Eurobrand\",\"url\":\"https:\\\/\\\/apetilki.pl\\\/en\\\/\",\"logo\":{\"@type\":\"ImageObject\",\"inLanguage\":\"pl-PL\",\"@id\":\"https:\\\/\\\/apetilki.pl\\\/en\\\/#\\\/schema\\\/logo\\\/image\\\/\",\"url\":\"https:\\\/\\\/apetilki.pl\\\/wp-content\\\/uploads\\\/2025\\\/03\\\/apetillki-logo-poprawione.jpg\",\"contentUrl\":\"https:\\\/\\\/apetilki.pl\\\/wp-content\\\/uploads\\\/2025\\\/03\\\/apetillki-logo-poprawione.jpg\",\"width\":500,\"height\":500,\"caption\":\"Apetilki\"},\"image\":{\"@id\":\"https:\\\/\\\/apetilki.pl\\\/en\\\/#\\\/schema\\\/logo\\\/image\\\/\"},\"sameAs\":[\"https:\\\/\\\/www.facebook.com\\\/Apetilki\",\"https:\\\/\\\/www.instagram.com\\\/Apetilki\",\"https:\\\/\\\/pl.linkedin.com\\\/company\\\/apetilki?trk=public_profile_experience-item_profile-section-card_subtitle-click\"]}]}<\/script>\n<!-- \/ Yoast SEO plugin. -->","yoast_head_json":{"title":"Apetilki - Eurobrand - Producent s\u0142odyczy","description":"Misj\u0105 Apetilki jest dostarczanie najwy\u017cszej jako\u015bci s\u0142odyczy, kt\u00f3re \u0142\u0105cz\u0105 tradycj\u0119 z nowoczesno\u015bci\u0105. S\u0142odko\u015bci to cz\u0119\u015b\u0107 naszego \u017cycia.","robots":{"index":"index","follow":"follow","max-snippet":"max-snippet:-1","max-image-preview":"max-image-preview:large","max-video-preview":"max-video-preview:-1"},"canonical":"https:\/\/apetilki.pl\/pl_pl\/","og_locale":"pl_PL","og_type":"article","og_title":"Apetilki - Eurobrand - Producent s\u0142odyczy","og_description":"Misj\u0105 Apetilki jest dostarczanie najwy\u017cszej jako\u015bci s\u0142odyczy, kt\u00f3re \u0142\u0105cz\u0105 tradycj\u0119 z nowoczesno\u015bci\u0105. S\u0142odko\u015bci to cz\u0119\u015b\u0107 naszego \u017cycia.","og_url":"https:\/\/apetilki.pl\/pl_pl\/","og_site_name":"Apetilki","article_publisher":"https:\/\/www.facebook.com\/Apetilki","article_modified_time":"2025-04-16T18:38:09+00:00","og_image":[{"width":1200,"height":650,"url":"https:\/\/apetilki.pl\/wp-content\/uploads\/2025\/03\/Apetilki_logo.png","type":"image\/png"}],"twitter_card":"summary_large_image","schema":{"@context":"https:\/\/schema.org","@graph":[{"@type":"WebPage","@id":"https:\/\/apetilki.pl\/en\/","url":"https:\/\/apetilki.pl\/en\/","name":"Apetilki - Eurobrand - Producent s\u0142odyczy","isPartOf":{"@id":"https:\/\/apetilki.pl\/en\/#website"},"datePublished":"2016-02-12T07:54:41+00:00","dateModified":"2025-04-16T18:38:09+00:00","description":"Misj\u0105 Apetilki jest dostarczanie najwy\u017cszej jako\u015bci s\u0142odyczy, kt\u00f3re \u0142\u0105cz\u0105 tradycj\u0119 z nowoczesno\u015bci\u0105. S\u0142odko\u015bci to cz\u0119\u015b\u0107 naszego \u017cycia.","breadcrumb":{"@id":"https:\/\/apetilki.pl\/en\/#breadcrumb"},"inLanguage":"pl-PL","potentialAction":[{"@type":"ReadAction","target":["https:\/\/apetilki.pl\/en\/"]}]},{"@type":"BreadcrumbList","@id":"https:\/\/apetilki.pl\/en\/#breadcrumb","itemListElement":[{"@type":"ListItem","position":1,"name":"Strona g\u0142\u00f3wna","item":"https:\/\/apetilki.pl\/en\/"},{"@type":"ListItem","position":2,"name":"Strona g\u0142\u00f3wna"}]},{"@type":"WebSite","@id":"https:\/\/apetilki.pl\/en\/#website","url":"https:\/\/apetilki.pl\/en\/","name":"Apetilki","description":"Nasz\u0105 misj\u0105 jest dostarczanie najwy\u017cszej jako\u015bci s\u0142odyczy, kt\u00f3re \u0142\u0105cz\u0105 tradycj\u0119 z nowoczesno\u015bci\u0105. Tworzymy produkty, kt\u00f3re wywo\u0142uj\u0105 u\u015bmiech \u2013 zar\u00f3wno u dzieci, jak i doros\u0142ych dbaj\u0105c przy tym o smak, bezpiecze\u0144stwo i dost\u0119pno\u015b\u0107 dla ka\u017cdego.","publisher":{"@id":"https:\/\/apetilki.pl\/en\/#organization"},"alternateName":"Apetilki","potentialAction":[{"@type":"SearchAction","target":{"@type":"EntryPoint","urlTemplate":"https:\/\/apetilki.pl\/en\/?s={search_term_string}"},"query-input":{"@type":"PropertyValueSpecification","valueRequired":true,"valueName":"search_term_string"}}],"inLanguage":"pl-PL"},{"@type":"Organization","@id":"https:\/\/apetilki.pl\/en\/#organization","name":"Apetilki","alternateName":"Eurobrand","url":"https:\/\/apetilki.pl\/en\/","logo":{"@type":"ImageObject","inLanguage":"pl-PL","@id":"https:\/\/apetilki.pl\/en\/#\/schema\/logo\/image\/","url":"https:\/\/apetilki.pl\/wp-content\/uploads\/2025\/03\/apetillki-logo-poprawione.jpg","contentUrl":"https:\/\/apetilki.pl\/wp-content\/uploads\/2025\/03\/apetillki-logo-poprawione.jpg","width":500,"height":500,"caption":"Apetilki"},"image":{"@id":"https:\/\/apetilki.pl\/en\/#\/schema\/logo\/image\/"},"sameAs":["https:\/\/www.facebook.com\/Apetilki","https:\/\/www.instagram.com\/Apetilki","https:\/\/pl.linkedin.com\/company\/apetilki?trk=public_profile_experience-item_profile-section-card_subtitle-click"]}]}},"_links":{"self":[{"href":"https:\/\/apetilki.pl\/pl_pl\/wp-json\/wp\/v2\/pages\/1415","targetHints":{"allow":["GET"]}}],"collection":[{"href":"https:\/\/apetilki.pl\/pl_pl\/wp-json\/wp\/v2\/pages"}],"about":[{"href":"https:\/\/apetilki.pl\/pl_pl\/wp-json\/wp\/v2\/types\/page"}],"author":[{"embeddable":true,"href":"https:\/\/apetilki.pl\/pl_pl\/wp-json\/wp\/v2\/users\/2"}],"replies":[{"embeddable":true,"href":"https:\/\/apetilki.pl\/pl_pl\/wp-json\/wp\/v2\/comments?post=1415"}],"version-history":[{"count":1,"href":"https:\/\/apetilki.pl\/pl_pl\/wp-json\/wp\/v2\/pages\/1415\/revisions"}],"predecessor-version":[{"id":1485,"href":"https:\/\/apetilki.pl\/pl_pl\/wp-json\/wp\/v2\/pages\/1415\/revisions\/1485"}],"wp:attachment":[{"href":"https:\/\/apetilki.pl\/pl_pl\/wp-json\/wp\/v2\/media?parent=1415"}],"curies":[{"name":"wp","href":"https:\/\/api.w.org\/{rel}","templated":true}]}}